{"id":209,"date":"2020-02-14T13:17:42","date_gmt":"2020-02-14T13:17:42","guid":{"rendered":"http:\/\/sheworksacademy.com\/?page_id=209"},"modified":"2022-07-25T13:41:16","modified_gmt":"2022-07-25T13:41:16","slug":"equipo","status":"publish","type":"page","link":"https:\/\/sheworksacademy.com\/en\/equipo\/","title":{"rendered":"Team"},"content":{"rendered":"[vc_row fullwidth=&#8221;true&#8221;][vc_column][mk_edge_slider swiper_bg=&#8221;#394150&#8243; orderby=&#8221;post__in&#8221; height=&#8221;850&#8243; slideshow_speed=&#8221;20000000&#8243; direction_nav=&#8221;none&#8221; pagination=&#8221;none&#8221; skip_arrow=&#8221;false&#8221; el_class=&#8221;mk-slider_noplay&#8221; slides=&#8221;761&#8243;][\/vc_column][\/vc_row][vc_row fullwidth=&#8221;true&#8221; fullwidth_content=&#8221;false&#8221; css=&#8221;.vc_custom_1580741931927{background-color: #ffffff !important;}&#8221;][vc_column][vc_empty_space height=&#8221;50&#8243;][vc_column_text css=&#8221;.vc_custom_1598882367740{margin-bottom: 0px !important;}&#8221;]\n<h1 style=\"text-align: center;\"><strong>Our team<\/strong><\/h1>\n[\/vc_column_text][vc_empty_space][vc_row_inner el_class=&#8221;sha-row_st9&#8243;][vc_column_inner][mk_employees style=&#8221;classic&#8221; column=&#8221;1&#8243; custom_image_size=&#8221;true&#8221; image_size=&#8221;full&#8221; employees=&#8221;226&#8243;][mk_employees style=&#8221;classic&#8221; column=&#8221;1&#8243; custom_image_size=&#8221;true&#8221; image_size=&#8221;full&#8221; employees=&#8221;233&#8243;][mk_employees style=&#8221;classic&#8221; column=&#8221;1&#8243; custom_image_size=&#8221;true&#8221; image_size=&#8221;full&#8221; employees=&#8221;792&#8243;][mk_employees style=&#8221;classic&#8221; column=&#8221;1&#8243; custom_image_size=&#8221;true&#8221; image_size=&#8221;full&#8221; employees=&#8221;798&#8243;][\/vc_column_inner][\/vc_row_inner][vc_empty_space][\/vc_column][\/vc_row][vc_row fullwidth=&#8221;true&#8221; fullwidth_content=&#8221;false&#8221; css=&#8221;.vc_custom_1581685136894{background-image: url(https:\/\/sheworksacademy.com\/wp-content\/uploads\/2020\/02\/degradee.png?id=12) !important;background-position: center !important;background-repeat: no-repeat !important;background-size: cover !important;}&#8221;][vc_column][vc_empty_space height=&#8221;50&#8243;][vc_column_text css=&#8221;.vc_custom_1598882392852{margin-bottom: 0px !important;}&#8221;]\n<h2 style=\"text-align: center;\"><span style=\"color: #ffffff;\">Our SheWorks! Talent Cloud<\/span><\/h2>\n[\/vc_column_text][vc_empty_space height=&#8221;20&#8243;][vc_row_inner][vc_column_inner width=&#8221;1\/3&#8243;][vc_single_image image=&#8221;211&#8243; img_size=&#8221;full&#8221; alignment=&#8221;center&#8221;][mk_milestone align=&#8221;center&#8221; stop=&#8221;20000&#8243; text=&#8221;women&#8221; text_color=&#8221;#ffffff&#8221; text_size=&#8221;40&#8243; font_family=&#8221;Lato&#8221; font_type=&#8221;google&#8221; font_weight=&#8221;600&#8243; desc_size=&#8221;25&#8243;][vc_empty_space][\/vc_column_inner][vc_column_inner width=&#8221;1\/3&#8243;][vc_single_image image=&#8221;212&#8243; img_size=&#8221;full&#8221; alignment=&#8221;center&#8221;][mk_milestone align=&#8221;center&#8221; stop=&#8221;93&#8243; text=&#8221;countries&#8221; text_color=&#8221;#ffffff&#8221; text_size=&#8221;40&#8243; font_family=&#8221;Lato&#8221; font_type=&#8221;google&#8221; font_weight=&#8221;600&#8243; desc_size=&#8221;25&#8243;][vc_empty_space][\/vc_column_inner][vc_column_inner width=&#8221;1\/3&#8243;][vc_single_image image=&#8221;213&#8243; img_size=&#8221;full&#8221; alignment=&#8221;center&#8221;][mk_milestone align=&#8221;center&#8221; prefix=&#8221;+&#8221; text=&#8221;companies&#8221; text_color=&#8221;#ffffff&#8221; text_size=&#8221;40&#8243; font_family=&#8221;Lato&#8221; font_type=&#8221;google&#8221; font_weight=&#8221;600&#8243; desc_size=&#8221;25&#8243;][vc_empty_space][\/vc_column_inner][\/vc_row_inner][\/vc_column][\/vc_row][vc_row fullwidth=&#8221;true&#8221; fullwidth_content=&#8221;false&#8221; css=&#8221;.vc_custom_1581718412534{background-color: #f9f9f9 !important;}&#8221;][vc_column][vc_empty_space height=&#8221;50&#8243;][vc_column_text css=&#8221;.vc_custom_1598882399185{margin-bottom: 0px !important;}&#8221;]\n<h1 style=\"text-align: center;\"><strong>Our Awards and Recognitions<\/strong><\/h1>\n[\/vc_column_text][vc_empty_space height=&#8221;20&#8243;][vc_row_inner el_class=&#8221;sha-row_st3&#8243;][vc_column_inner width=&#8221;1\/2&#8243;][mk_flipbox front_background_color=&#8221;#ffffff&#8221; back_background_color=&#8221;#f3f3f3&#8243; min_height=&#8221;400&#8243; image=&#8221;https:\/\/sheworksacademy.com\/wp-content\/uploads\/2022\/07\/equals_m.jpg&#8221; front_title=&#8221;Equals in Tech 2019&#8243; front_title_color=&#8221;#394150&#8243; back_title=&#8221;Equals in Tech 2019&#8243; back_title_color=&#8221;#394150&#8243; font_weight=&#8221;600&#8243; back_desc=&#8221;Iniciativa de la ONU en donde recibimos el premio en Liderazgo en Tecnolog\u00eda&#8221; back_desc_color=&#8221;#394150&#8243; button_url=&#8221;https:\/\/www.youtube.com\/watch?v=Rn5aSzWUdbQ&#8221; button_text=&#8221;Video&#8221; button_bg_color=&#8221;#ff328c&#8221; button_bg_hover_color=&#8221;#ff6666&#8243; el_class=&#8221;sha-flipBox_st1&#8243;][\/vc_column_inner][vc_column_inner width=&#8221;1\/2&#8243;][mk_flipbox front_background_color=&#8221;#ffffff&#8221; back_background_color=&#8221;#f3f3f3&#8243; min_height=&#8221;400&#8243; image=&#8221;https:\/\/sheworksacademy.com\/wp-content\/uploads\/2022\/07\/w20_m.jpg&#8221; front_title=&#8221;W20&#8243; front_title_color=&#8221;#394150&#8243; back_title=&#8221;W20&#8243; back_title_color=&#8221;#394150&#8243; font_weight=&#8221;600&#8243; back_desc=&#8221;Invitados para el caso de estudio de c\u00f3mo cerrar la brecha de g\u00e9nero a trav\u00e9s de la tecnolog\u00eda&#8221; back_desc_color=&#8221;#394150&#8243; button_url=&#8221;https:\/\/www.flickr.com\/photos\/wheresheworks\/albums\/72157672149027977&#8243; button_target=&#8221;_blank&#8221; button_text=&#8221;Video&#8221; button_bg_hover_color=&#8221;#ff6666&#8243; el_class=&#8221;sha-flipBox_st1&#8243;][\/vc_column_inner][\/vc_row_inner][vc_empty_space height=&#8221;60px&#8221;][\/vc_column][\/vc_row][vc_row fullwidth=&#8221;true&#8221; fullwidth_content=&#8221;false&#8221; css=&#8221;.vc_custom_1581718419439{background-color: #ffffff !important;}&#8221;][vc_column][vc_empty_space height=&#8221;50&#8243;][vc_column_text css=&#8221;.vc_custom_1598882405191{margin-bottom: 0px !important;}&#8221;]\n<h1 style=\"text-align: center;\"><strong>These companies hire from our Talent Cloud<\/strong><\/h1>\n[\/vc_column_text][vc_empty_space height=&#8221;20&#8243;][vc_row_inner el_class=&#8221;sha-row_st10&#8243;][vc_column_inner width=&#8221;1\/6&#8243;][vc_single_image image=&#8221;305&#8243; img_size=&#8221;full&#8221; alignment=&#8221;center&#8221;][\/vc_column_inner][vc_column_inner width=&#8221;1\/6&#8243;][vc_single_image image=&#8221;306&#8243; img_size=&#8221;full&#8221; alignment=&#8221;center&#8221;][\/vc_column_inner][vc_column_inner width=&#8221;1\/6&#8243;][vc_single_image image=&#8221;307&#8243; img_size=&#8221;full&#8221; alignment=&#8221;center&#8221;][\/vc_column_inner][vc_column_inner width=&#8221;1\/6&#8243;][vc_single_image image=&#8221;308&#8243; img_size=&#8221;full&#8221; alignment=&#8221;center&#8221;][\/vc_column_inner][vc_column_inner width=&#8221;1\/6&#8243;][vc_single_image image=&#8221;309&#8243; img_size=&#8221;full&#8221; alignment=&#8221;center&#8221;][\/vc_column_inner][vc_column_inner width=&#8221;1\/6&#8243;][vc_single_image image=&#8221;310&#8243; img_size=&#8221;full&#8221; alignment=&#8221;center&#8221;][\/vc_column_inner][\/vc_row_inner][vc_empty_space height=&#8221;20&#8243;][vc_row_inner el_class=&#8221;sha-row_st10&#8243;][vc_column_inner width=&#8221;1\/6&#8243;][vc_single_image image=&#8221;311&#8243; img_size=&#8221;full&#8221; alignment=&#8221;center&#8221;][\/vc_column_inner][vc_column_inner width=&#8221;1\/6&#8243;][vc_single_image image=&#8221;312&#8243; img_size=&#8221;full&#8221; alignment=&#8221;center&#8221;][\/vc_column_inner][vc_column_inner width=&#8221;1\/6&#8243;][vc_single_image image=&#8221;313&#8243; img_size=&#8221;full&#8221; alignment=&#8221;center&#8221;][\/vc_column_inner][vc_column_inner width=&#8221;1\/6&#8243;][vc_single_image image=&#8221;314&#8243; img_size=&#8221;full&#8221; alignment=&#8221;center&#8221;][\/vc_column_inner][vc_column_inner width=&#8221;1\/6&#8243;][vc_single_image image=&#8221;315&#8243; img_size=&#8221;full&#8221; alignment=&#8221;center&#8221;][\/vc_column_inner][vc_column_inner width=&#8221;1\/6&#8243;][vc_single_image image=&#8221;316&#8243; img_size=&#8221;full&#8221; alignment=&#8221;center&#8221;][\/vc_column_inner][\/vc_row_inner][vc_empty_space height=&#8221;20&#8243;][\/vc_column][\/vc_row][vc_row fullwidth=&#8221;true&#8221; fullwidth_content=&#8221;false&#8221; css=&#8221;.vc_custom_1581686571691{background-color: #ffffff !important;}&#8221;][vc_column][vc_empty_space height=&#8221;50&#8243;][vc_column_text css=&#8221;.vc_custom_1598882414882{margin-bottom: 0px !important;}&#8221;]\n<h1 style=\"text-align: center;\"><strong>These companies support our initiative<\/strong><\/h1>\n[\/vc_column_text][vc_empty_space height=&#8221;20&#8243;][vc_row_inner el_class=&#8221;sha-row_st11&#8243;][vc_column_inner width=&#8221;1\/4&#8243;][vc_single_image image=&#8221;140&#8243; img_size=&#8221;full&#8221; alignment=&#8221;center&#8221;][\/vc_column_inner][vc_column_inner width=&#8221;1\/4&#8243;][vc_single_image image=&#8221;54&#8243; img_size=&#8221;full&#8221; alignment=&#8221;center&#8221;][\/vc_column_inner][vc_column_inner width=&#8221;1\/4&#8243;][vc_single_image image=&#8221;53&#8243; img_size=&#8221;full&#8221; alignment=&#8221;center&#8221;][\/vc_column_inner][vc_column_inner width=&#8221;1\/4&#8243;][vc_single_image image=&#8221;52&#8243; img_size=&#8221;full&#8221; alignment=&#8221;center&#8221;][\/vc_column_inner][\/vc_row_inner][vc_empty_space][\/vc_column][\/vc_row][vc_row fullwidth=&#8221;true&#8221; fullwidth_content=&#8221;false&#8221; css=&#8221;.vc_custom_1581696479136{background-color: #f9f9f9 !important;}&#8221;][vc_column][vc_empty_space height=&#8221;50&#8243;][vc_column_text css=&#8221;.vc_custom_1598882420666{margin-bottom: 0px !important;}&#8221;]\n<h1 style=\"text-align: center;\"><strong>These media companies echo our mission<\/strong><\/h1>\n[\/vc_column_text][vc_empty_space height=&#8221;20&#8243;][mk_portfolio style=&#8221;grid&#8221; hover_scenarios=&#8221;fadebox&#8221; grid_spacing=&#8221;2&#8243; image_size=&#8221;full&#8221; column=&#8221;4&#8243; meta_type=&#8221;none&#8221; sortable=&#8221;false&#8221; pagination=&#8221;false&#8221; order=&#8221;ASC&#8221; target=&#8221;_blank&#8221;][vc_empty_space][\/vc_column][\/vc_row]\n","protected":false},"excerpt":{"rendered":"<p>[vc_row fullwidth=&#8221;true&#8221;][vc_column][mk_edge_slider swiper_bg=&#8221;#394150&#8243; orderby=&#8221;post__in&#8221; height=&#8221;850&#8243; slideshow_speed=&#8221;20000000&#8243; direction_nav=&#8221;none&#8221; pagination=&#8221;none&#8221; skip_arrow=&#8221;false&#8221; el_class=&#8221;mk-slider_noplay&#8221; slides=&#8221;761&#8243;][\/vc_column][\/vc_row][vc_row fullwidth=&#8221;true&#8221; fullwidth_content=&#8221;false&#8221; css=&#8221;.vc_custom_1580741931927{background-color: #ffffff !important;}&#8221;][vc_column][vc_empty_space height=&#8221;50&#8243;][vc_column_text css=&#8221;.vc_custom_1598882367740{margin-bottom: 0px !important;}&#8221;] Our team [\/vc_column_text][vc_empty_space][vc_row_inner el_class=&#8221;sha-row_st9&#8243;][vc_column_inner][mk_employees style=&#8221;classic&#8221; column=&#8221;1&#8243; custom_image_size=&#8221;true&#8221; image_size=&#8221;full&#8221; employees=&#8221;226&#8243;][mk_employees style=&#8221;classic&#8221; column=&#8221;1&#8243; custom_image_size=&#8221;true&#8221; image_size=&#8221;full&#8221; employees=&#8221;233&#8243;][mk_employees style=&#8221;classic&#8221; column=&#8221;1&#8243; custom_image_size=&#8221;true&#8221; image_size=&#8221;full&#8221; employees=&#8221;792&#8243;][mk_employees style=&#8221;classic&#8221; column=&#8221;1&#8243; custom_image_size=&#8221;true&#8221; image_size=&#8221;full&#8221; employees=&#8221;798&#8243;][\/vc_column_inner][\/vc_row_inner][vc_empty_space][\/vc_column][\/vc_row][vc_row fullwidth=&#8221;true&#8221; fullwidth_content=&#8221;false&#8221; css=&#8221;.vc_custom_1581685136894{background-image: url(https:\/\/sheworksacademy.com\/wp-content\/uploads\/2020\/02\/degradee.png?id=12) !important;background-position: center !important;background-repeat: no-repeat !important;background-size: cover !important;}&#8221;][vc_column][vc_empty_space [&hellip;]<\/p>\n","protected":false},"author":1,"featured_media":0,"parent":0,"menu_order":0,"comment_status":"closed","ping_status":"closed","template":"","meta":{"_monsterinsights_skip_tracking":false,"_monsterinsights_sitenote_active":false,"_monsterinsights_sitenote_note":"","_monsterinsights_sitenote_category":0},"yoast_head":"<!-- This site is optimized with the Yoast SEO plugin v16.0.2 - https:\/\/yoast.com\/wordpress\/plugins\/seo\/ -->\n<title>Team &ndash; SheWorks! Academy<\/title>\n<meta name=\"description\" content=\"In SheWorks! Academy we prepare women for the future of work and we generate labor market inclusion through technology.\" \/>\n<link rel=\"canonical\" href=\"https:\/\/sheworksacademy.com\/equipo\/\" \/>\n<meta property=\"og:locale\" content=\"en_US\" \/>\n<meta property=\"og:type\" content=\"article\" \/>\n<meta property=\"og:title\" content=\"Team &ndash; SheWorks! Academy\" \/>\n<meta property=\"og:description\" content=\"In SheWorks! Academy we prepare women for the future of work and we generate labor market inclusion through technology.\" \/>\n<meta property=\"og:url\" content=\"https:\/\/sheworksacademy.com\/equipo\/\" \/>\n<meta property=\"og:site_name\" content=\"SheWorks! Academy\" \/>\n<meta property=\"article:publisher\" content=\"https:\/\/www.facebook.com\/SheWorksCloud\" \/>\n<meta property=\"article:modified_time\" content=\"2022-07-25T13:41:16+00:00\" \/>\n<meta property=\"og:image\" content=\"https:\/\/sheworksacademy.com\/wp-content\/uploads\/2022\/07\/logo-og.png\" \/>\n\t<meta property=\"og:image:width\" content=\"1200\" \/>\n\t<meta property=\"og:image:height\" content=\"630\" \/>\n<meta name=\"twitter:card\" content=\"summary_large_image\" \/>\n<meta name=\"twitter:site\" content=\"@SheWorksCloud\" \/>\n<meta name=\"twitter:label1\" content=\"Est. reading time\">\n\t<meta name=\"twitter:data1\" content=\"2 minutes\">\n<script type=\"application\/ld+json\" class=\"yoast-schema-graph\">{\"@context\":\"https:\/\/schema.org\",\"@graph\":[{\"@type\":\"Organization\",\"@id\":\"https:\/\/sheworksacademy.com\/#organization\",\"name\":\"SheWorks! Academy\",\"url\":\"https:\/\/sheworksacademy.com\/\",\"sameAs\":[\"https:\/\/www.facebook.com\/SheWorksCloud\",\"https:\/\/www.instagram.com\/wheresheworks\/\",\"https:\/\/twitter.com\/SheWorksCloud\"],\"logo\":{\"@type\":\"ImageObject\",\"@id\":\"https:\/\/sheworksacademy.com\/#logo\",\"inLanguage\":\"en-US\",\"url\":\"https:\/\/sheworksacademy.com\/wp-content\/uploads\/2020\/03\/logo-01.png\",\"width\":1333,\"height\":453,\"caption\":\"SheWorks! Academy\"},\"image\":{\"@id\":\"https:\/\/sheworksacademy.com\/#logo\"}},{\"@type\":\"WebSite\",\"@id\":\"https:\/\/sheworksacademy.com\/#website\",\"url\":\"https:\/\/sheworksacademy.com\/\",\"name\":\"SheWorks! Academy\",\"description\":\"Academia online para mujeres\",\"publisher\":{\"@id\":\"https:\/\/sheworksacademy.com\/#organization\"},\"potentialAction\":[{\"@type\":\"SearchAction\",\"target\":\"https:\/\/sheworksacademy.com\/?s={search_term_string}\",\"query-input\":\"required name=search_term_string\"}],\"inLanguage\":\"en-US\"},{\"@type\":\"WebPage\",\"@id\":\"https:\/\/sheworksacademy.com\/equipo\/#webpage\",\"url\":\"https:\/\/sheworksacademy.com\/equipo\/\",\"name\":\"Team &ndash; SheWorks! Academy\",\"isPartOf\":{\"@id\":\"https:\/\/sheworksacademy.com\/#website\"},\"datePublished\":\"2020-02-14T13:17:42+00:00\",\"dateModified\":\"2022-07-25T13:41:16+00:00\",\"description\":\"In SheWorks! Academy we prepare women for the future of work and we generate labor market inclusion through technology.\",\"breadcrumb\":{\"@id\":\"https:\/\/sheworksacademy.com\/equipo\/#breadcrumb\"},\"inLanguage\":\"en-US\",\"potentialAction\":[{\"@type\":\"ReadAction\",\"target\":[\"https:\/\/sheworksacademy.com\/equipo\/\"]}]},{\"@type\":\"BreadcrumbList\",\"@id\":\"https:\/\/sheworksacademy.com\/equipo\/#breadcrumb\",\"itemListElement\":[{\"@type\":\"ListItem\",\"position\":1,\"item\":{\"@type\":\"WebPage\",\"@id\":\"https:\/\/sheworksacademy.com\/\",\"url\":\"https:\/\/sheworksacademy.com\/\",\"name\":\"Home\"}},{\"@type\":\"ListItem\",\"position\":2,\"item\":{\"@type\":\"WebPage\",\"@id\":\"https:\/\/sheworksacademy.com\/equipo\/\",\"url\":\"https:\/\/sheworksacademy.com\/equipo\/\",\"name\":\"Team\"}}]}]}<\/script>\n<!-- \/ Yoast SEO plugin. -->","_links":{"self":[{"href":"https:\/\/sheworksacademy.com\/en\/wp-json\/wp\/v2\/pages\/209"}],"collection":[{"href":"https:\/\/sheworksacademy.com\/en\/wp-json\/wp\/v2\/pages"}],"about":[{"href":"https:\/\/sheworksacademy.com\/en\/wp-json\/wp\/v2\/types\/page"}],"author":[{"embeddable":true,"href":"https:\/\/sheworksacademy.com\/en\/wp-json\/wp\/v2\/users\/1"}],"replies":[{"embeddable":true,"href":"https:\/\/sheworksacademy.com\/en\/wp-json\/wp\/v2\/comments?post=209"}],"version-history":[{"count":81,"href":"https:\/\/sheworksacademy.com\/en\/wp-json\/wp\/v2\/pages\/209\/revisions"}],"predecessor-version":[{"id":1071,"href":"https:\/\/sheworksacademy.com\/en\/wp-json\/wp\/v2\/pages\/209\/revisions\/1071"}],"wp:attachment":[{"href":"https:\/\/sheworksacademy.com\/en\/wp-json\/wp\/v2\/media?parent=209"}],"curies":[{"name":"wp","href":"https:\/\/api.w.org\/{rel}","templated":true}]}}